{"id":190,"date":"2023-11-09T19:09:35","date_gmt":"2023-11-09T18:09:35","guid":{"rendered":"https:\/\/charmedantan1875.fr\/?page_id=190"},"modified":"2023-11-17T12:08:09","modified_gmt":"2023-11-17T11:08:09","slug":"mentions-legales","status":"publish","type":"page","link":"https:\/\/charmedantan1875.fr\/?page_id=190","title":{"rendered":"Mentions l\u00e9gales"},"content":{"rendered":"\t\t<div data-elementor-type=\"wp-page\" data-elementor-id=\"190\" class=\"elementor elementor-190\">\n\t\t\t\t<div class=\"elementor-element elementor-element-33d160a7 e-flex e-con-boxed e-con e-parent\" data-id=\"33d160a7\" data-element_type=\"container\" data-e-type=\"container\">\n\t\t\t\t\t<div class=\"e-con-inner\">\n\t\t\t\t<div class=\"elementor-element elementor-element-196bd188 e-transform elementor-widget elementor-widget-text-editor\" data-id=\"196bd188\" data-element_type=\"widget\" data-e-type=\"widget\" data-settings=\"{&quot;_transform_scale_effect&quot;:{&quot;unit&quot;:&quot;px&quot;,&quot;size&quot;:&quot;&quot;,&quot;sizes&quot;:[]},&quot;_transform_scale_effect_tablet&quot;:{&quot;unit&quot;:&quot;px&quot;,&quot;size&quot;:&quot;&quot;,&quot;sizes&quot;:[]},&quot;_transform_scale_effect_mobile&quot;:{&quot;unit&quot;:&quot;px&quot;,&quot;size&quot;:&quot;&quot;,&quot;sizes&quot;:[]}}\" data-widget_type=\"text-editor.default\">\n\t\t\t\t<div class=\"elementor-widget-container\">\n\t\t\t\t\t\t\t\t\t\n<div class=\"wp-block-cover alignfull is-light wp-duotone-36345d-abaaaa-3\" style=\"margin-top: 0; padding: 5vw;\">\n<div class=\"wp-block-cover__inner-container is-layout-flow wp-block-cover-is-layout-flow\">\n<div class=\"wp-block-spacer\" style=\"height: 48px;\" aria-hidden=\"true\">\u00a0<\/div>\n\n<div class=\"wp-block-group is-vertical is-content-justification-center is-nowrap is-layout-flex wp-container-core-group-is-layout-b77dfac5 wp-block-group-is-layout-flex\">\n<p>Charme D\u2019antan<\/p>\n<p>154 rue des d\u00e9port\u00e9s 62690 Villers Ch\u00e2tel<\/p>\n<p>Sophie Salome 0670132093<\/p>\n<p>salomesophie@orange.fr<\/p>\n<p>H\u00e9bergeur Hostinger<\/p>\n<p>Les photos publi\u00e9es sont de\u00a0 ma propri\u00e9t\u00e9<\/p>\n\n<p class=\"has-text-align-right has-text-color\" style=\"color: #71689c; font-size: 148px; font-style: normal; font-weight: 300; letter-spacing: -4px; line-height: 0.8; text-transform: uppercase;\">\u00a0<\/p>\n\n<p class=\"has-text-align-right has-text-color\" style=\"color: #444178; font-size: 148px; font-style: normal; font-weight: 300; letter-spacing: -4px; line-height: 0.8; text-transform: uppercase;\">\u00a0<\/p>\n<\/div>\n\n<div class=\"wp-block-spacer\" style=\"height: 48px;\" aria-hidden=\"true\">\u00a0<\/div>\n<\/div>\n<\/div>\n\n<div class=\"wp-block-cover alignfull is-light wp-duotone-36345d-abaaaa-4\" style=\"margin-top: 0; padding: 5vw;\">\n<div class=\"wp-block-cover__inner-container is-layout-flow wp-block-cover-is-layout-flow\">\n<div class=\"wp-block-spacer\" style=\"height: 48px;\" aria-hidden=\"true\">\u00a0<\/div>\n\n<div class=\"wp-block-group is-vertical is-content-justification-center is-nowrap is-layout-flex wp-container-core-group-is-layout-b77dfac5 wp-block-group-is-layout-flex\">\n<p class=\"has-text-align-right has-text-color\" style=\"color: #c8c4d3; font-size: 148px; font-style: normal; font-weight: 300; letter-spacing: -4px; line-height: 0.8; text-transform: uppercase;\">\u00a0<\/p>\n<\/div>\n\n<div class=\"wp-block-spacer\" style=\"height: 48px;\" aria-hidden=\"true\">\u00a0<\/div>\n<\/div>\n<\/div>\n\t\t\t\t\t\t\t\t<\/div>\n\t\t\t\t<\/div>\n\t\t\t\t\t<\/div>\n\t\t\t\t<\/div>\n\t\t\t\t<\/div>\n\t\t","protected":false},"excerpt":{"rendered":"","protected":false},"author":1,"featured_media":0,"parent":0,"menu_order":0,"comment_status":"closed","ping_status":"closed","template":"","meta":{"footnotes":""},"class_list":["post-190","page","type-page","status-publish","hentry"],"yoast_head":"<!-- This site is optimized with the Yoast SEO plugin v27.1.1 - https:\/\/yoast.com\/product\/yoast-seo-wordpress\/ -->\n<title>Mentions l\u00e9gales -<\/title>\n<meta name=\"robots\" content=\"index, follow, max-snippet:-1, max-image-preview:large, max-video-preview:-1\" \/>\n<link rel=\"canonical\" href=\"https:\/\/charmedantan1875.fr\/?page_id=190\" \/>\n<meta property=\"og:locale\" content=\"en_US\" \/>\n<meta property=\"og:type\" content=\"article\" \/>\n<meta property=\"og:title\" content=\"Mentions l\u00e9gales -\" \/>\n<meta property=\"og:url\" content=\"https:\/\/charmedantan1875.fr\/?page_id=190\" \/>\n<meta property=\"article:modified_time\" content=\"2023-11-17T11:08:09+00:00\" \/>\n<meta name=\"twitter:card\" content=\"summary_large_image\" \/>\n<meta name=\"twitter:label1\" content=\"Est. reading time\" \/>\n\t<meta name=\"twitter:data1\" content=\"1 minute\" \/>\n<script type=\"application\/ld+json\" class=\"yoast-schema-graph\">{\"@context\":\"https:\/\/schema.org\",\"@graph\":[{\"@type\":\"WebPage\",\"@id\":\"https:\/\/charmedantan1875.fr\/?page_id=190\",\"url\":\"https:\/\/charmedantan1875.fr\/?page_id=190\",\"name\":\"Mentions l\u00e9gales -\",\"isPartOf\":{\"@id\":\"https:\/\/charmedantan1875.fr\/#website\"},\"datePublished\":\"2023-11-09T18:09:35+00:00\",\"dateModified\":\"2023-11-17T11:08:09+00:00\",\"breadcrumb\":{\"@id\":\"https:\/\/charmedantan1875.fr\/?page_id=190#breadcrumb\"},\"inLanguage\":\"en-US\",\"potentialAction\":[{\"@type\":\"ReadAction\",\"target\":[\"https:\/\/charmedantan1875.fr\/?page_id=190\"]}]},{\"@type\":\"BreadcrumbList\",\"@id\":\"https:\/\/charmedantan1875.fr\/?page_id=190#breadcrumb\",\"itemListElement\":[{\"@type\":\"ListItem\",\"position\":1,\"name\":\"Accueil\",\"item\":\"https:\/\/charmedantan1875.fr\/\"},{\"@type\":\"ListItem\",\"position\":2,\"name\":\"Mentions l\u00e9gales\"}]},{\"@type\":\"WebSite\",\"@id\":\"https:\/\/charmedantan1875.fr\/#website\",\"url\":\"https:\/\/charmedantan1875.fr\/\",\"name\":\"\",\"description\":\"\",\"potentialAction\":[{\"@type\":\"SearchAction\",\"target\":{\"@type\":\"EntryPoint\",\"urlTemplate\":\"https:\/\/charmedantan1875.fr\/?s={search_term_string}\"},\"query-input\":{\"@type\":\"PropertyValueSpecification\",\"valueRequired\":true,\"valueName\":\"search_term_string\"}}],\"inLanguage\":\"en-US\"}]}<\/script>\n<!-- \/ Yoast SEO plugin. -->","yoast_head_json":{"title":"Mentions l\u00e9gales -","robots":{"index":"index","follow":"follow","max-snippet":"max-snippet:-1","max-image-preview":"max-image-preview:large","max-video-preview":"max-video-preview:-1"},"canonical":"https:\/\/charmedantan1875.fr\/?page_id=190","og_locale":"en_US","og_type":"article","og_title":"Mentions l\u00e9gales -","og_url":"https:\/\/charmedantan1875.fr\/?page_id=190","article_modified_time":"2023-11-17T11:08:09+00:00","twitter_card":"summary_large_image","twitter_misc":{"Est. reading time":"1 minute"},"schema":{"@context":"https:\/\/schema.org","@graph":[{"@type":"WebPage","@id":"https:\/\/charmedantan1875.fr\/?page_id=190","url":"https:\/\/charmedantan1875.fr\/?page_id=190","name":"Mentions l\u00e9gales -","isPartOf":{"@id":"https:\/\/charmedantan1875.fr\/#website"},"datePublished":"2023-11-09T18:09:35+00:00","dateModified":"2023-11-17T11:08:09+00:00","breadcrumb":{"@id":"https:\/\/charmedantan1875.fr\/?page_id=190#breadcrumb"},"inLanguage":"en-US","potentialAction":[{"@type":"ReadAction","target":["https:\/\/charmedantan1875.fr\/?page_id=190"]}]},{"@type":"BreadcrumbList","@id":"https:\/\/charmedantan1875.fr\/?page_id=190#breadcrumb","itemListElement":[{"@type":"ListItem","position":1,"name":"Accueil","item":"https:\/\/charmedantan1875.fr\/"},{"@type":"ListItem","position":2,"name":"Mentions l\u00e9gales"}]},{"@type":"WebSite","@id":"https:\/\/charmedantan1875.fr\/#website","url":"https:\/\/charmedantan1875.fr\/","name":"","description":"","potentialAction":[{"@type":"SearchAction","target":{"@type":"EntryPoint","urlTemplate":"https:\/\/charmedantan1875.fr\/?s={search_term_string}"},"query-input":{"@type":"PropertyValueSpecification","valueRequired":true,"valueName":"search_term_string"}}],"inLanguage":"en-US"}]}},"_links":{"self":[{"href":"https:\/\/charmedantan1875.fr\/index.php?rest_route=\/wp\/v2\/pages\/190","targetHints":{"allow":["GET"]}}],"collection":[{"href":"https:\/\/charmedantan1875.fr\/index.php?rest_route=\/wp\/v2\/pages"}],"about":[{"href":"https:\/\/charmedantan1875.fr\/index.php?rest_route=\/wp\/v2\/types\/page"}],"author":[{"embeddable":true,"href":"https:\/\/charmedantan1875.fr\/index.php?rest_route=\/wp\/v2\/users\/1"}],"replies":[{"embeddable":true,"href":"https:\/\/charmedantan1875.fr\/index.php?rest_route=%2Fwp%2Fv2%2Fcomments&post=190"}],"version-history":[{"count":21,"href":"https:\/\/charmedantan1875.fr\/index.php?rest_route=\/wp\/v2\/pages\/190\/revisions"}],"predecessor-version":[{"id":291,"href":"https:\/\/charmedantan1875.fr\/index.php?rest_route=\/wp\/v2\/pages\/190\/revisions\/291"}],"wp:attachment":[{"href":"https:\/\/charmedantan1875.fr\/index.php?rest_route=%2Fwp%2Fv2%2Fmedia&parent=190"}],"curies":[{"name":"wp","href":"https:\/\/api.w.org\/{rel}","templated":true}]}}