{"id":255,"date":"2023-11-13T19:58:34","date_gmt":"2023-11-13T18:58:34","guid":{"rendered":"https:\/\/charmedantan1875.fr\/?page_id=255"},"modified":"2025-07-20T09:19:59","modified_gmt":"2025-07-20T07:19:59","slug":"reglement","status":"publish","type":"page","link":"https:\/\/charmedantan1875.fr\/?page_id=255","title":{"rendered":"R\u00e9glement"},"content":{"rendered":"\t\t<div data-elementor-type=\"wp-page\" data-elementor-id=\"255\" class=\"elementor elementor-255\">\n\t\t\t\t<div class=\"elementor-element elementor-element-f71ff9f e-flex e-con-boxed e-con e-parent\" data-id=\"f71ff9f\" data-element_type=\"container\" data-e-type=\"container\">\n\t\t\t\t\t<div class=\"e-con-inner\">\n\t\t\t\t<div class=\"elementor-element elementor-element-53de698 elementor-widget elementor-widget-text-editor\" data-id=\"53de698\" data-element_type=\"widget\" data-e-type=\"widget\" data-widget_type=\"text-editor.default\">\n\t\t\t\t<div class=\"elementor-widget-container\">\n\t\t\t\t\t\t\t\t\t<p><span style=\"vertical-align: inherit;\"><span style=\"vertical-align: inherit;\">R\u00e8glement int\u00e9rieur<\/span><\/span><\/p><p><span style=\"vertical-align: inherit;\"><span style=\"vertical-align: inherit;\">La maison d&#8217;h\u00f4te n&#8217;est pas un lieu librement ouvert au public.<\/span><\/span><\/p><p><span style=\"vertical-align: inherit;\"><span style=\"vertical-align: inherit;\">C&#8217;est pourquoi nous vous invitons \u00e0 profiter de tous les lieux de vie qui sont \u00e0 votre disposition, dans la convivialit\u00e9, et le respect de l&#8217;intimit\u00e9 de chacun.<\/span><\/span><\/p><p><span style=\"vertical-align: inherit;\"><span style=\"vertical-align: inherit;\">Les arriv\u00e9es<\/span><\/span><\/p><p><span style=\"vertical-align: inherit;\"><span style=\"vertical-align: inherit;\">Afin de pouvoir vous recevoir dans les meilleures conditions, votre accueil se fera \u00e0 partir de 16h le jour de votre arriv\u00e9e. Les arriv\u00e9es tardives, ou au contraire pr\u00e9coces, feront l&#8217;objet d&#8217;une entente pr\u00e9alable.<\/span><\/span><\/p><p><span style=\"vertical-align: inherit;\"><span style=\"vertical-align: inherit;\">Les d\u00e9parts<\/span><\/span><\/p><p><span style=\"vertical-align: inherit;\"><span style=\"vertical-align: inherit;\">Le dernier jour de votre s\u00e9jour, les d\u00e9parts se font au plus tard \u00e0 midi ; ceci afin de pouvoir disposer du temps n\u00e9cessaire pour vous offrir le meilleur confort.<\/span><\/span><\/p><p><span style=\"vertical-align: inherit;\"><span style=\"vertical-align: inherit;\">Les petits d\u00e9jeuners<\/span><\/span><\/p><p><span style=\"vertical-align: inherit;\"><span style=\"vertical-align: inherit;\">Les petits d\u00e9jeuners sont propos\u00e9s dans la salle du rez de chauss\u00e9e, entre 8h et 10h.<\/span><\/span><\/p><p><span style=\"vertical-align: inherit;\"><span style=\"vertical-align: inherit;\">La table d&#8217;h\u00f4te<\/span><\/span><\/p><p><span style=\"vertical-align: inherit;\"><span style=\"vertical-align: inherit;\">Si vous souhaitez d\u00eener, n&#8217;oubliez pas de nous l&#8217;indiquer au moment de votre r\u00e9servation, ou de nous pr\u00e9venir au plus tard 48h avant votre arriv\u00e9e.<\/span><\/span><\/p><p><span style=\"vertical-align: inherit;\"><span style=\"vertical-align: inherit;\">Les chambres<\/span><\/span><\/p><ul><li><span style=\"vertical-align: inherit;\"><span style=\"vertical-align: inherit;\">Les chambres ne sont pas pr\u00e9vues pour prendre des repas.<\/span><\/span><\/li><li><span style=\"vertical-align: inherit;\"><span style=\"vertical-align: inherit;\">Des dispositifs audiovisuels sont \u00e0 votre disposition ; le son en sera mod\u00e9r\u00e9 \u00e0 partir de 22h.<\/span><\/span><\/li><li><span style=\"vertical-align: inherit;\"><span style=\"vertical-align: inherit;\">L&#8217;acc\u00e8s au Wifi est possible gratuitement. Le t\u00e9l\u00e9chargement ill\u00e9gal est interdit<\/span><\/span><\/li><li><span style=\"vertical-align: inherit;\"><span style=\"vertical-align: inherit;\">. Les objets de valeurs (bijoux, moyens de paiement, etc.) ne doivent pas \u00eatre laiss\u00e9s dans les chambres, ou dans les v\u00e9hicules en stationnement ; les h\u00f4tes d\u00e9clinant toute en responsabilit\u00e9 en cas de disparition de ces objets.<\/span><\/span><\/li><\/ul><p><span style=\"vertical-align: inherit;\"><span style=\"vertical-align: inherit;\">Dispositions g\u00e9n\u00e9rales<\/span><\/span><\/p><ul><li><span style=\"vertical-align: inherit;\"><span style=\"vertical-align: inherit;\">En respect du d\u00e9cret N\u00b02006-1386 du 15 novembre 2006, il est interdit de fumer dans les lieux \u00e0 usage collectif. La totalit\u00e9 de l&#8217;\u00e9tablissement, hors ext\u00e9rieur, est donc \u00ab non fumeur \u00bb.<\/span><\/span><\/li><\/ul><p><span style=\"vertical-align: inherit;\"><span style=\"vertical-align: inherit;\">Merci de veiller \u00e0 fermer la porte d&#8217;entr\u00e9e lors de vos sorties ou lorsque vous rentrez tardivement<\/span><\/span><\/p><ul><li><span style=\"vertical-align: inherit;\"><span style=\"vertical-align: inherit;\">Les enfants \u00e9voluant au sein de la propri\u00e9t\u00e9 sont sous l&#8217;unique responsabilit\u00e9 de leurs parents.<\/span><\/span><\/li><li><span style=\"vertical-align: inherit;\"><span style=\"vertical-align: inherit;\">La cuisine n&#8217;est pas laiss\u00e9e \u00e0 la libre disposition des h\u00f4tes.<\/span><\/span><\/li><li><span style=\"vertical-align: inherit;\"><span style=\"vertical-align: inherit;\">Enfin, le propri\u00e9taire d\u00e9cline toute responsabilit\u00e9 en cas de vol ou de dommage corporel survenu au cours du s\u00e9jour dans la propri\u00e9t\u00e9.<\/span><\/span><\/li><\/ul><p><span style=\"vertical-align: inherit;\"><span style=\"vertical-align: inherit;\">Nous comptons sur votre collaboration pour<\/span><\/span><\/p><ul><li><span style=\"vertical-align: inherit;\"><span style=\"vertical-align: inherit;\">\u00c9viter de laisser l\u2019\u00e9clairage inutilement en fonction.<\/span><\/span><\/li><li><span style=\"vertical-align: inherit;\"><span style=\"vertical-align: inherit;\">Privil\u00e9gier une utilisation raisonnable de la consommation d\u2019eau.<\/span><\/span><\/li><li><span style=\"vertical-align: inherit;\"><span style=\"vertical-align: inherit;\">Permettre le bon fonctionnement du syst\u00e8me d&#8217;assainissement individuel en ne jetant rien d&#8217;autre dans les toilettes que le papier hygi\u00e9nique, les autres d\u00e9chets ayant une poubelle pr\u00e9vue \u00e0 cet effet.<\/span><\/span><\/li><\/ul><p><span style=\"vertical-align: inherit;\"><span style=\"vertical-align: inherit;\">\u00c9viter de m\u00e9langer le linge de toilette utilis\u00e9 avec celui dont vous n&#8217;avez pas eu l&#8217;usage.<\/span><\/span><\/p><p><span style=\"vertical-align: inherit;\"><span style=\"vertical-align: inherit;\">\u00a0 \u00a0 \u00a0 \u00a0 \u00a0code wifi : charmedantan154.\u00a0 \u00a0\u00a0<\/span><\/span><\/p>\t\t\t\t\t\t\t\t<\/div>\n\t\t\t\t<\/div>\n\t\t\t\t\t<\/div>\n\t\t\t\t<\/div>\n\t\t\t\t<\/div>\n\t\t","protected":false},"excerpt":{"rendered":"<p>R\u00e8glement int\u00e9rieur La maison d&#8217;h\u00f4te n&#8217;est pas un lieu librement ouvert au public. C&#8217;est pourquoi nous vous invitons \u00e0 profiter de tous les lieux de vie qui sont \u00e0 votre disposition, dans la convivialit\u00e9, et le respect de l&#8217;intimit\u00e9 de chacun. Les arriv\u00e9es Afin de pouvoir vous recevoir dans les meilleures conditions, votre accueil se fera \u00e0 partir de 16h le jour de votre arriv\u00e9e. Les arriv\u00e9es tardives, ou au contraire pr\u00e9coces, feront l&#8217;objet d&#8217;une entente pr\u00e9alable. Les d\u00e9parts Le dernier jour de votre s\u00e9jour, les d\u00e9parts se font au plus tard \u00e0 midi ; ceci afin de pouvoir disposer du temps n\u00e9cessaire pour vous offrir le meilleur confort. Les petits d\u00e9jeuners Les petits d\u00e9jeuners sont propos\u00e9s dans la salle du rez de chauss\u00e9e, entre 8h et 10h. La table d&#8217;h\u00f4te Si vous souhaitez d\u00eener, n&#8217;oubliez pas de nous l&#8217;indiquer au moment de votre r\u00e9servation, ou de nous pr\u00e9venir au plus tard 48h avant votre arriv\u00e9e. Les chambres Les chambres ne sont pas pr\u00e9vues pour prendre des repas. Des dispositifs audiovisuels sont \u00e0 votre disposition ; le son en sera mod\u00e9r\u00e9 \u00e0 partir de 22h. L&#8217;acc\u00e8s au Wifi est possible gratuitement. Le t\u00e9l\u00e9chargement ill\u00e9gal est interdit . Les objets de valeurs (bijoux, moyens de paiement, etc.) ne doivent pas \u00eatre laiss\u00e9s dans les chambres, ou dans les v\u00e9hicules en stationnement ; les h\u00f4tes d\u00e9clinant toute en responsabilit\u00e9 en cas de disparition de ces objets. Dispositions g\u00e9n\u00e9rales En respect du d\u00e9cret N\u00b02006-1386 du 15 novembre 2006, il est interdit de fumer dans les lieux \u00e0 usage collectif. La totalit\u00e9 de l&#8217;\u00e9tablissement, hors ext\u00e9rieur, est donc \u00ab non fumeur \u00bb. Merci de veiller \u00e0 fermer la porte d&#8217;entr\u00e9e lors de vos sorties ou lorsque vous rentrez tardivement Les enfants \u00e9voluant au sein de la propri\u00e9t\u00e9 sont sous l&#8217;unique responsabilit\u00e9 de leurs parents. La cuisine n&#8217;est pas laiss\u00e9e \u00e0 la libre disposition des h\u00f4tes. Enfin, le propri\u00e9taire d\u00e9cline toute responsabilit\u00e9 en cas de vol ou de dommage corporel survenu au cours du s\u00e9jour dans la propri\u00e9t\u00e9. Nous comptons sur votre collaboration pour \u00c9viter de laisser l\u2019\u00e9clairage inutilement en fonction. Privil\u00e9gier une utilisation raisonnable de la consommation d\u2019eau. Permettre le bon fonctionnement du syst\u00e8me d&#8217;assainissement individuel en ne jetant rien d&#8217;autre dans les toilettes que le papier hygi\u00e9nique, les autres d\u00e9chets ayant une poubelle pr\u00e9vue \u00e0 cet effet. \u00c9viter de m\u00e9langer le linge de toilette utilis\u00e9 avec celui dont vous n&#8217;avez pas eu l&#8217;usage. \u00a0 \u00a0 \u00a0 \u00a0 \u00a0code wifi : charmedantan154.\u00a0 \u00a0\u00a0<\/p>\n","protected":false},"author":1,"featured_media":0,"parent":0,"menu_order":0,"comment_status":"closed","ping_status":"closed","template":"","meta":{"footnotes":""},"class_list":["post-255","page","type-page","status-publish","hentry"],"yoast_head":"<!-- This site is optimized with the Yoast SEO plugin v27.1.1 - https:\/\/yoast.com\/product\/yoast-seo-wordpress\/ -->\n<title>R\u00e9glement -<\/title>\n<meta name=\"robots\" content=\"index, follow, max-snippet:-1, max-image-preview:large, max-video-preview:-1\" \/>\n<link rel=\"canonical\" href=\"https:\/\/charmedantan1875.fr\/?page_id=255\" \/>\n<meta property=\"og:locale\" content=\"en_US\" \/>\n<meta property=\"og:type\" content=\"article\" \/>\n<meta property=\"og:title\" content=\"R\u00e9glement -\" \/>\n<meta property=\"og:description\" content=\"R\u00e8glement int\u00e9rieur La maison d&#8217;h\u00f4te n&#8217;est pas un lieu librement ouvert au public. C&#8217;est pourquoi nous vous invitons \u00e0 profiter de tous les lieux de vie qui sont \u00e0 votre disposition, dans la convivialit\u00e9, et le respect de l&#8217;intimit\u00e9 de chacun. Les arriv\u00e9es Afin de pouvoir vous recevoir dans les meilleures conditions, votre accueil se fera \u00e0 partir de 16h le jour de votre arriv\u00e9e. Les arriv\u00e9es tardives, ou au contraire pr\u00e9coces, feront l&#8217;objet d&#8217;une entente pr\u00e9alable. Les d\u00e9parts Le dernier jour de votre s\u00e9jour, les d\u00e9parts se font au plus tard \u00e0 midi ; ceci afin de pouvoir disposer du temps n\u00e9cessaire pour vous offrir le meilleur confort. Les petits d\u00e9jeuners Les petits d\u00e9jeuners sont propos\u00e9s dans la salle du rez de chauss\u00e9e, entre 8h et 10h. La table d&#8217;h\u00f4te Si vous souhaitez d\u00eener, n&#8217;oubliez pas de nous l&#8217;indiquer au moment de votre r\u00e9servation, ou de nous pr\u00e9venir au plus tard 48h avant votre arriv\u00e9e. Les chambres Les chambres ne sont pas pr\u00e9vues pour prendre des repas. Des dispositifs audiovisuels sont \u00e0 votre disposition ; le son en sera mod\u00e9r\u00e9 \u00e0 partir de 22h. L&#8217;acc\u00e8s au Wifi est possible gratuitement. Le t\u00e9l\u00e9chargement ill\u00e9gal est interdit . Les objets de valeurs (bijoux, moyens de paiement, etc.) ne doivent pas \u00eatre laiss\u00e9s dans les chambres, ou dans les v\u00e9hicules en stationnement ; les h\u00f4tes d\u00e9clinant toute en responsabilit\u00e9 en cas de disparition de ces objets. Dispositions g\u00e9n\u00e9rales En respect du d\u00e9cret N\u00b02006-1386 du 15 novembre 2006, il est interdit de fumer dans les lieux \u00e0 usage collectif. La totalit\u00e9 de l&#8217;\u00e9tablissement, hors ext\u00e9rieur, est donc \u00ab non fumeur \u00bb. Merci de veiller \u00e0 fermer la porte d&#8217;entr\u00e9e lors de vos sorties ou lorsque vous rentrez tardivement Les enfants \u00e9voluant au sein de la propri\u00e9t\u00e9 sont sous l&#8217;unique responsabilit\u00e9 de leurs parents. La cuisine n&#8217;est pas laiss\u00e9e \u00e0 la libre disposition des h\u00f4tes. Enfin, le propri\u00e9taire d\u00e9cline toute responsabilit\u00e9 en cas de vol ou de dommage corporel survenu au cours du s\u00e9jour dans la propri\u00e9t\u00e9. Nous comptons sur votre collaboration pour \u00c9viter de laisser l\u2019\u00e9clairage inutilement en fonction. Privil\u00e9gier une utilisation raisonnable de la consommation d\u2019eau. Permettre le bon fonctionnement du syst\u00e8me d&#8217;assainissement individuel en ne jetant rien d&#8217;autre dans les toilettes que le papier hygi\u00e9nique, les autres d\u00e9chets ayant une poubelle pr\u00e9vue \u00e0 cet effet. \u00c9viter de m\u00e9langer le linge de toilette utilis\u00e9 avec celui dont vous n&#8217;avez pas eu l&#8217;usage. \u00a0 \u00a0 \u00a0 \u00a0 \u00a0code wifi : charmedantan154.\u00a0 \u00a0\u00a0\" \/>\n<meta property=\"og:url\" content=\"https:\/\/charmedantan1875.fr\/?page_id=255\" \/>\n<meta property=\"article:modified_time\" content=\"2025-07-20T07:19:59+00:00\" \/>\n<meta name=\"twitter:card\" content=\"summary_large_image\" \/>\n<meta name=\"twitter:label1\" content=\"Est. reading time\" \/>\n\t<meta name=\"twitter:data1\" content=\"2 minutes\" \/>\n<script type=\"application\/ld+json\" class=\"yoast-schema-graph\">{\"@context\":\"https:\/\/schema.org\",\"@graph\":[{\"@type\":\"WebPage\",\"@id\":\"https:\/\/charmedantan1875.fr\/?page_id=255\",\"url\":\"https:\/\/charmedantan1875.fr\/?page_id=255\",\"name\":\"R\u00e9glement -\",\"isPartOf\":{\"@id\":\"https:\/\/charmedantan1875.fr\/#website\"},\"datePublished\":\"2023-11-13T18:58:34+00:00\",\"dateModified\":\"2025-07-20T07:19:59+00:00\",\"breadcrumb\":{\"@id\":\"https:\/\/charmedantan1875.fr\/?page_id=255#breadcrumb\"},\"inLanguage\":\"en-US\",\"potentialAction\":[{\"@type\":\"ReadAction\",\"target\":[\"https:\/\/charmedantan1875.fr\/?page_id=255\"]}]},{\"@type\":\"BreadcrumbList\",\"@id\":\"https:\/\/charmedantan1875.fr\/?page_id=255#breadcrumb\",\"itemListElement\":[{\"@type\":\"ListItem\",\"position\":1,\"name\":\"Accueil\",\"item\":\"https:\/\/charmedantan1875.fr\/\"},{\"@type\":\"ListItem\",\"position\":2,\"name\":\"R\u00e9glement\"}]},{\"@type\":\"WebSite\",\"@id\":\"https:\/\/charmedantan1875.fr\/#website\",\"url\":\"https:\/\/charmedantan1875.fr\/\",\"name\":\"\",\"description\":\"\",\"potentialAction\":[{\"@type\":\"SearchAction\",\"target\":{\"@type\":\"EntryPoint\",\"urlTemplate\":\"https:\/\/charmedantan1875.fr\/?s={search_term_string}\"},\"query-input\":{\"@type\":\"PropertyValueSpecification\",\"valueRequired\":true,\"valueName\":\"search_term_string\"}}],\"inLanguage\":\"en-US\"}]}<\/script>\n<!-- \/ Yoast SEO plugin. -->","yoast_head_json":{"title":"R\u00e9glement -","robots":{"index":"index","follow":"follow","max-snippet":"max-snippet:-1","max-image-preview":"max-image-preview:large","max-video-preview":"max-video-preview:-1"},"canonical":"https:\/\/charmedantan1875.fr\/?page_id=255","og_locale":"en_US","og_type":"article","og_title":"R\u00e9glement -","og_description":"R\u00e8glement int\u00e9rieur La maison d&#8217;h\u00f4te n&#8217;est pas un lieu librement ouvert au public. C&#8217;est pourquoi nous vous invitons \u00e0 profiter de tous les lieux de vie qui sont \u00e0 votre disposition, dans la convivialit\u00e9, et le respect de l&#8217;intimit\u00e9 de chacun. Les arriv\u00e9es Afin de pouvoir vous recevoir dans les meilleures conditions, votre accueil se fera \u00e0 partir de 16h le jour de votre arriv\u00e9e. Les arriv\u00e9es tardives, ou au contraire pr\u00e9coces, feront l&#8217;objet d&#8217;une entente pr\u00e9alable. Les d\u00e9parts Le dernier jour de votre s\u00e9jour, les d\u00e9parts se font au plus tard \u00e0 midi ; ceci afin de pouvoir disposer du temps n\u00e9cessaire pour vous offrir le meilleur confort. Les petits d\u00e9jeuners Les petits d\u00e9jeuners sont propos\u00e9s dans la salle du rez de chauss\u00e9e, entre 8h et 10h. La table d&#8217;h\u00f4te Si vous souhaitez d\u00eener, n&#8217;oubliez pas de nous l&#8217;indiquer au moment de votre r\u00e9servation, ou de nous pr\u00e9venir au plus tard 48h avant votre arriv\u00e9e. Les chambres Les chambres ne sont pas pr\u00e9vues pour prendre des repas. Des dispositifs audiovisuels sont \u00e0 votre disposition ; le son en sera mod\u00e9r\u00e9 \u00e0 partir de 22h. L&#8217;acc\u00e8s au Wifi est possible gratuitement. Le t\u00e9l\u00e9chargement ill\u00e9gal est interdit . Les objets de valeurs (bijoux, moyens de paiement, etc.) ne doivent pas \u00eatre laiss\u00e9s dans les chambres, ou dans les v\u00e9hicules en stationnement ; les h\u00f4tes d\u00e9clinant toute en responsabilit\u00e9 en cas de disparition de ces objets. Dispositions g\u00e9n\u00e9rales En respect du d\u00e9cret N\u00b02006-1386 du 15 novembre 2006, il est interdit de fumer dans les lieux \u00e0 usage collectif. La totalit\u00e9 de l&#8217;\u00e9tablissement, hors ext\u00e9rieur, est donc \u00ab non fumeur \u00bb. Merci de veiller \u00e0 fermer la porte d&#8217;entr\u00e9e lors de vos sorties ou lorsque vous rentrez tardivement Les enfants \u00e9voluant au sein de la propri\u00e9t\u00e9 sont sous l&#8217;unique responsabilit\u00e9 de leurs parents. La cuisine n&#8217;est pas laiss\u00e9e \u00e0 la libre disposition des h\u00f4tes. Enfin, le propri\u00e9taire d\u00e9cline toute responsabilit\u00e9 en cas de vol ou de dommage corporel survenu au cours du s\u00e9jour dans la propri\u00e9t\u00e9. Nous comptons sur votre collaboration pour \u00c9viter de laisser l\u2019\u00e9clairage inutilement en fonction. Privil\u00e9gier une utilisation raisonnable de la consommation d\u2019eau. Permettre le bon fonctionnement du syst\u00e8me d&#8217;assainissement individuel en ne jetant rien d&#8217;autre dans les toilettes que le papier hygi\u00e9nique, les autres d\u00e9chets ayant une poubelle pr\u00e9vue \u00e0 cet effet. \u00c9viter de m\u00e9langer le linge de toilette utilis\u00e9 avec celui dont vous n&#8217;avez pas eu l&#8217;usage. \u00a0 \u00a0 \u00a0 \u00a0 \u00a0code wifi : charmedantan154.\u00a0 \u00a0\u00a0","og_url":"https:\/\/charmedantan1875.fr\/?page_id=255","article_modified_time":"2025-07-20T07:19:59+00:00","twitter_card":"summary_large_image","twitter_misc":{"Est. reading time":"2 minutes"},"schema":{"@context":"https:\/\/schema.org","@graph":[{"@type":"WebPage","@id":"https:\/\/charmedantan1875.fr\/?page_id=255","url":"https:\/\/charmedantan1875.fr\/?page_id=255","name":"R\u00e9glement -","isPartOf":{"@id":"https:\/\/charmedantan1875.fr\/#website"},"datePublished":"2023-11-13T18:58:34+00:00","dateModified":"2025-07-20T07:19:59+00:00","breadcrumb":{"@id":"https:\/\/charmedantan1875.fr\/?page_id=255#breadcrumb"},"inLanguage":"en-US","potentialAction":[{"@type":"ReadAction","target":["https:\/\/charmedantan1875.fr\/?page_id=255"]}]},{"@type":"BreadcrumbList","@id":"https:\/\/charmedantan1875.fr\/?page_id=255#breadcrumb","itemListElement":[{"@type":"ListItem","position":1,"name":"Accueil","item":"https:\/\/charmedantan1875.fr\/"},{"@type":"ListItem","position":2,"name":"R\u00e9glement"}]},{"@type":"WebSite","@id":"https:\/\/charmedantan1875.fr\/#website","url":"https:\/\/charmedantan1875.fr\/","name":"","description":"","potentialAction":[{"@type":"SearchAction","target":{"@type":"EntryPoint","urlTemplate":"https:\/\/charmedantan1875.fr\/?s={search_term_string}"},"query-input":{"@type":"PropertyValueSpecification","valueRequired":true,"valueName":"search_term_string"}}],"inLanguage":"en-US"}]}},"_links":{"self":[{"href":"https:\/\/charmedantan1875.fr\/index.php?rest_route=\/wp\/v2\/pages\/255","targetHints":{"allow":["GET"]}}],"collection":[{"href":"https:\/\/charmedantan1875.fr\/index.php?rest_route=\/wp\/v2\/pages"}],"about":[{"href":"https:\/\/charmedantan1875.fr\/index.php?rest_route=\/wp\/v2\/types\/page"}],"author":[{"embeddable":true,"href":"https:\/\/charmedantan1875.fr\/index.php?rest_route=\/wp\/v2\/users\/1"}],"replies":[{"embeddable":true,"href":"https:\/\/charmedantan1875.fr\/index.php?rest_route=%2Fwp%2Fv2%2Fcomments&post=255"}],"version-history":[{"count":10,"href":"https:\/\/charmedantan1875.fr\/index.php?rest_route=\/wp\/v2\/pages\/255\/revisions"}],"predecessor-version":[{"id":560,"href":"https:\/\/charmedantan1875.fr\/index.php?rest_route=\/wp\/v2\/pages\/255\/revisions\/560"}],"wp:attachment":[{"href":"https:\/\/charmedantan1875.fr\/index.php?rest_route=%2Fwp%2Fv2%2Fmedia&parent=255"}],"curies":[{"name":"wp","href":"https:\/\/api.w.org\/{rel}","templated":true}]}}